{"id":9,"date":"2025-08-21T14:14:56","date_gmt":"2025-08-21T14:14:56","guid":{"rendered":"https:\/\/www.meinekuh.ch\/?page_id=9"},"modified":"2025-08-23T12:04:40","modified_gmt":"2025-08-23T12:04:40","slug":"ueber-mich","status":"publish","type":"page","link":"https:\/\/www.meinekuh.ch\/index.php\/ueber-mich\/","title":{"rendered":"\u00fcber mich"},"content":{"rendered":"\n<p>Als gelernter Ofenbauer habe ich mich in meiner Freizeit schon fr\u00fch f\u00fcr das T\u00f6pfern interssiert.<\/p>\n\n\n\n<p>So besuchte ich Kurse dazu und hatte sehr schnell Freude daran und setzte sie dann auch in meinem Sinne um.<\/p>\n\n\n\n<p>Das entstandene k\u00f6nnen Sie auf dieser Homepage anschauen.<\/p>\n","protected":false},"excerpt":{"rendered":"<p>Als gelernter Ofenbauer habe ich mich in meiner Freizeit schon fr\u00fch f\u00fcr das T\u00f6pfern interssiert. So besuchte ich Kurse dazu und hatte sehr schnell Freude daran und setzte sie dann auch in meinem Sinne um. Das entstandene k\u00f6nnen Sie auf dieser Homepage anschauen.<\/p>\n","protected":false},"author":1,"featured_media":0,"parent":0,"menu_order":0,"comment_status":"closed","ping_status":"closed","template":"","meta":{"footnotes":""},"class_list":["post-9","page","type-page","status-publish","hentry"],"yoast_head":"<!-- This site is optimized with the Yoast SEO plugin v26.1.1 - https:\/\/yoast.com\/wordpress\/plugins\/seo\/ -->\n<title>\u00fcber mich - Meine Kuh<\/title>\n<meta name=\"robots\" content=\"index, follow, max-snippet:-1, max-image-preview:large, max-video-preview:-1\" \/>\n<link rel=\"canonical\" href=\"https:\/\/www.meinekuh.ch\/index.php\/ueber-mich\/\" \/>\n<meta property=\"og:locale\" content=\"de_DE\" \/>\n<meta property=\"og:type\" content=\"article\" \/>\n<meta property=\"og:title\" content=\"\u00fcber mich - Meine Kuh\" \/>\n<meta property=\"og:description\" content=\"Als gelernter Ofenbauer habe ich mich in meiner Freizeit schon fr\u00fch f\u00fcr das T\u00f6pfern interssiert. So besuchte ich Kurse dazu und hatte sehr schnell Freude daran und setzte sie dann auch in meinem Sinne um. Das entstandene k\u00f6nnen Sie auf dieser Homepage anschauen.\" \/>\n<meta property=\"og:url\" content=\"https:\/\/www.meinekuh.ch\/index.php\/ueber-mich\/\" \/>\n<meta property=\"og:site_name\" content=\"Meine Kuh\" \/>\n<meta property=\"article:modified_time\" content=\"2025-08-23T12:04:40+00:00\" \/>\n<meta name=\"twitter:card\" content=\"summary_large_image\" \/>\n<meta name=\"twitter:label1\" content=\"Gesch\u00e4tzte Lesezeit\" \/>\n\t<meta name=\"twitter:data1\" content=\"1\u00a0Minute\" \/>\n<script type=\"application\/ld+json\" class=\"yoast-schema-graph\">{\"@context\":\"https:\/\/schema.org\",\"@graph\":[{\"@type\":\"WebPage\",\"@id\":\"https:\/\/www.meinekuh.ch\/index.php\/ueber-mich\/\",\"url\":\"https:\/\/www.meinekuh.ch\/index.php\/ueber-mich\/\",\"name\":\"\u00fcber mich - Meine Kuh\",\"isPartOf\":{\"@id\":\"https:\/\/www.meinekuh.ch\/#website\"},\"datePublished\":\"2025-08-21T14:14:56+00:00\",\"dateModified\":\"2025-08-23T12:04:40+00:00\",\"breadcrumb\":{\"@id\":\"https:\/\/www.meinekuh.ch\/index.php\/ueber-mich\/#breadcrumb\"},\"inLanguage\":\"de-CH\",\"potentialAction\":[{\"@type\":\"ReadAction\",\"target\":[\"https:\/\/www.meinekuh.ch\/index.php\/ueber-mich\/\"]}]},{\"@type\":\"BreadcrumbList\",\"@id\":\"https:\/\/www.meinekuh.ch\/index.php\/ueber-mich\/#breadcrumb\",\"itemListElement\":[{\"@type\":\"ListItem\",\"position\":1,\"name\":\"Startseite\",\"item\":\"https:\/\/www.meinekuh.ch\/\"},{\"@type\":\"ListItem\",\"position\":2,\"name\":\"\u00fcber mich\"}]},{\"@type\":\"WebSite\",\"@id\":\"https:\/\/www.meinekuh.ch\/#website\",\"url\":\"https:\/\/www.meinekuh.ch\/\",\"name\":\"Meine Kuh\",\"description\":\"\",\"potentialAction\":[{\"@type\":\"SearchAction\",\"target\":{\"@type\":\"EntryPoint\",\"urlTemplate\":\"https:\/\/www.meinekuh.ch\/?s={search_term_string}\"},\"query-input\":{\"@type\":\"PropertyValueSpecification\",\"valueRequired\":true,\"valueName\":\"search_term_string\"}}],\"inLanguage\":\"de-CH\"}]}<\/script>\n<!-- \/ Yoast SEO plugin. -->","yoast_head_json":{"title":"\u00fcber mich - Meine Kuh","robots":{"index":"index","follow":"follow","max-snippet":"max-snippet:-1","max-image-preview":"max-image-preview:large","max-video-preview":"max-video-preview:-1"},"canonical":"https:\/\/www.meinekuh.ch\/index.php\/ueber-mich\/","og_locale":"de_DE","og_type":"article","og_title":"\u00fcber mich - Meine Kuh","og_description":"Als gelernter Ofenbauer habe ich mich in meiner Freizeit schon fr\u00fch f\u00fcr das T\u00f6pfern interssiert. So besuchte ich Kurse dazu und hatte sehr schnell Freude daran und setzte sie dann auch in meinem Sinne um. Das entstandene k\u00f6nnen Sie auf dieser Homepage anschauen.","og_url":"https:\/\/www.meinekuh.ch\/index.php\/ueber-mich\/","og_site_name":"Meine Kuh","article_modified_time":"2025-08-23T12:04:40+00:00","twitter_card":"summary_large_image","twitter_misc":{"Gesch\u00e4tzte Lesezeit":"1\u00a0Minute"},"schema":{"@context":"https:\/\/schema.org","@graph":[{"@type":"WebPage","@id":"https:\/\/www.meinekuh.ch\/index.php\/ueber-mich\/","url":"https:\/\/www.meinekuh.ch\/index.php\/ueber-mich\/","name":"\u00fcber mich - Meine Kuh","isPartOf":{"@id":"https:\/\/www.meinekuh.ch\/#website"},"datePublished":"2025-08-21T14:14:56+00:00","dateModified":"2025-08-23T12:04:40+00:00","breadcrumb":{"@id":"https:\/\/www.meinekuh.ch\/index.php\/ueber-mich\/#breadcrumb"},"inLanguage":"de-CH","potentialAction":[{"@type":"ReadAction","target":["https:\/\/www.meinekuh.ch\/index.php\/ueber-mich\/"]}]},{"@type":"BreadcrumbList","@id":"https:\/\/www.meinekuh.ch\/index.php\/ueber-mich\/#breadcrumb","itemListElement":[{"@type":"ListItem","position":1,"name":"Startseite","item":"https:\/\/www.meinekuh.ch\/"},{"@type":"ListItem","position":2,"name":"\u00fcber mich"}]},{"@type":"WebSite","@id":"https:\/\/www.meinekuh.ch\/#website","url":"https:\/\/www.meinekuh.ch\/","name":"Meine Kuh","description":"","potentialAction":[{"@type":"SearchAction","target":{"@type":"EntryPoint","urlTemplate":"https:\/\/www.meinekuh.ch\/?s={search_term_string}"},"query-input":{"@type":"PropertyValueSpecification","valueRequired":true,"valueName":"search_term_string"}}],"inLanguage":"de-CH"}]}},"jetpack_sharing_enabled":true,"_links":{"self":[{"href":"https:\/\/www.meinekuh.ch\/index.php\/wp-json\/wp\/v2\/pages\/9","targetHints":{"allow":["GET"]}}],"collection":[{"href":"https:\/\/www.meinekuh.ch\/index.php\/wp-json\/wp\/v2\/pages"}],"about":[{"href":"https:\/\/www.meinekuh.ch\/index.php\/wp-json\/wp\/v2\/types\/page"}],"author":[{"embeddable":true,"href":"https:\/\/www.meinekuh.ch\/index.php\/wp-json\/wp\/v2\/users\/1"}],"replies":[{"embeddable":true,"href":"https:\/\/www.meinekuh.ch\/index.php\/wp-json\/wp\/v2\/comments?post=9"}],"version-history":[{"count":5,"href":"https:\/\/www.meinekuh.ch\/index.php\/wp-json\/wp\/v2\/pages\/9\/revisions"}],"predecessor-version":[{"id":147,"href":"https:\/\/www.meinekuh.ch\/index.php\/wp-json\/wp\/v2\/pages\/9\/revisions\/147"}],"wp:attachment":[{"href":"https:\/\/www.meinekuh.ch\/index.php\/wp-json\/wp\/v2\/media?parent=9"}],"curies":[{"name":"wp","href":"https:\/\/api.w.org\/{rel}","templated":true}]}}